{"id":13,"date":"2019-02-23T23:04:56","date_gmt":"2019-02-23T23:04:56","guid":{"rendered":"http:\/\/autostylzabrze.home.pl\/autoinstalator\/wordpress\/?page_id=13"},"modified":"2022-02-11T19:39:25","modified_gmt":"2022-02-11T19:39:25","slug":"nasza-dzialalnosc","status":"publish","type":"page","link":"https:\/\/autostylzabrze.home.pl\/autoinstalator\/wordpress\/","title":{"rendered":"Nasza dzia\u0142alno\u015b\u0107"},"content":{"rendered":"\n<div class=\"wp-block-image\"><figure class=\"aligncenter\"><img loading=\"lazy\" width=\"458\" height=\"343\" src=\"http:\/\/autostylzabrze.home.pl\/autoinstalator\/wordpress\/wp-content\/uploads\/2019\/02\/Sklep.jpg\" alt=\"\" class=\"wp-image-15\" srcset=\"https:\/\/autostylzabrze.home.pl\/autoinstalator\/wordpress\/wp-content\/uploads\/2019\/02\/Sklep.jpg 458w, https:\/\/autostylzabrze.home.pl\/autoinstalator\/wordpress\/wp-content\/uploads\/2019\/02\/Sklep-300x225.jpg 300w\" sizes=\"(max-width: 458px) 100vw, 458px\" \/><\/figure><\/div>\n\n\n\n<p class=\"has-text-align-center has-small-font-size\"><strong>Dzi\u0119kujemy za odwiedzenie naszej nowej strony. Jako nowoczesna firma,<br>chcemy da\u0107 Pa\u0144stwu mo\u017cliwo\u015b\u0107 pozostania w kontakcie z nami i z nasz\u0105 ofert\u0105.<br><br>Je\u015bli nie znacie Pa\u0144stwo naszej firmy i nawi\u0105zujecie z nami pierwszy kontakt online,<br>b\u0119dzie nam bardzo mi\u0142o! B\u0119dziemy wdzi\u0119czni za uwagi i pytania, na kt\u00f3re odpowiemy jak najszybciej.<br><br>Zapraszamy r\u00f3wnie\u017c&nbsp;do kontaktu mailowego pod adresem: autostylzabrze@home.pl<br><br>Kilka s\u0142\u00f3w o naszej firmie: rozpocz\u0119li\u015bmy dzia\u0142alno\u015b\u0107 w 2000r. i od tego czasu funkcjonujemy z sukcesami na rynku w produkcji pokrowc\u00f3w dla foteli <br>samochodowych. Nasi stali Klienci ceni\u0105 w szczeg\u00f3lno\u015bci nasz\u0105 rzetelno\u015b\u0107.<\/strong><\/p>\n\n\n\n<figure class=\"wp-container-2 wp-block-gallery-1 wp-block-gallery aligncenter has-nested-images columns-default is-cropped\">\n<figure class=\"wp-block-image\"><img loading=\"lazy\" width=\"1024\" height=\"851\" data-id=\"126\"  src=\"http:\/\/autostylzabrze.home.pl\/autoinstalator\/wordpress\/wp-content\/uploads\/2019\/02\/5-1-1024x851.jpg\" alt=\"\" class=\"wp-image-126\" srcset=\"https:\/\/autostylzabrze.home.pl\/autoinstalator\/wordpress\/wp-content\/uploads\/2019\/02\/5-1-1024x851.jpg 1024w, https:\/\/autostylzabrze.home.pl\/autoinstalator\/wordpress\/wp-content\/uploads\/2019\/02\/5-1-300x249.jpg 300w, https:\/\/autostylzabrze.home.pl\/autoinstalator\/wordpress\/wp-content\/uploads\/2019\/02\/5-1-768x638.jpg 768w, https:\/\/autostylzabrze.home.pl\/autoinstalator\/wordpress\/wp-content\/uploads\/2019\/02\/5-1.jpg 2000w\" sizes=\"(max-width: 1024px) 100vw, 1024px\" \/><\/figure>\n\n\n\n<figure class=\"wp-block-image\"><img loading=\"lazy\" width=\"2000\" height=\"1500\" data-id=\"127\"  src=\"http:\/\/autostylzabrze.home.pl\/autoinstalator\/wordpress\/wp-content\/uploads\/2019\/02\/8-1024x768.jpg\" alt=\"\" class=\"wp-image-127\" srcset=\"https:\/\/autostylzabrze.home.pl\/autoinstalator\/wordpress\/wp-content\/uploads\/2019\/02\/8-1024x768.jpg 1024w, https:\/\/autostylzabrze.home.pl\/autoinstalator\/wordpress\/wp-content\/uploads\/2019\/02\/8-300x225.jpg 300w, https:\/\/autostylzabrze.home.pl\/autoinstalator\/wordpress\/wp-content\/uploads\/2019\/02\/8-768x576.jpg 768w, https:\/\/autostylzabrze.home.pl\/autoinstalator\/wordpress\/wp-content\/uploads\/2019\/02\/8.jpg 2000w\" sizes=\"(max-width: 2000px) 100vw, 2000px\" \/><\/figure>\n\n\n\n<figure class=\"wp-block-image\"><img loading=\"lazy\" width=\"1024\" height=\"768\" data-id=\"128\"  src=\"http:\/\/autostylzabrze.home.pl\/autoinstalator\/wordpress\/wp-content\/uploads\/2019\/02\/10-1024x768.jpg\" alt=\"\" class=\"wp-image-128\" srcset=\"https:\/\/autostylzabrze.home.pl\/autoinstalator\/wordpress\/wp-content\/uploads\/2019\/02\/10-1024x768.jpg 1024w, https:\/\/autostylzabrze.home.pl\/autoinstalator\/wordpress\/wp-content\/uploads\/2019\/02\/10-300x225.jpg 300w, https:\/\/autostylzabrze.home.pl\/autoinstalator\/wordpress\/wp-content\/uploads\/2019\/02\/10-768x576.jpg 768w, https:\/\/autostylzabrze.home.pl\/autoinstalator\/wordpress\/wp-content\/uploads\/2019\/02\/10.jpg 2000w\" sizes=\"(max-width: 1024px) 100vw, 1024px\" \/><\/figure>\n\n\n\n<figure class=\"wp-block-image\"><img loading=\"lazy\" width=\"1024\" height=\"768\" data-id=\"420\"  src=\"http:\/\/autostylzabrze.home.pl\/autoinstalator\/wordpress\/wp-content\/uploads\/2022\/02\/IMG_20220211_203135-1024x768.jpg\" alt=\"\" class=\"wp-image-420\" srcset=\"https:\/\/autostylzabrze.home.pl\/autoinstalator\/wordpress\/wp-content\/uploads\/2022\/02\/IMG_20220211_203135-1024x768.jpg 1024w, https:\/\/autostylzabrze.home.pl\/autoinstalator\/wordpress\/wp-content\/uploads\/2022\/02\/IMG_20220211_203135-300x225.jpg 300w, https:\/\/autostylzabrze.home.pl\/autoinstalator\/wordpress\/wp-content\/uploads\/2022\/02\/IMG_20220211_203135-768x576.jpg 768w, https:\/\/autostylzabrze.home.pl\/autoinstalator\/wordpress\/wp-content\/uploads\/2022\/02\/IMG_20220211_203135-1536x1152.jpg 1536w, https:\/\/autostylzabrze.home.pl\/autoinstalator\/wordpress\/wp-content\/uploads\/2022\/02\/IMG_20220211_203135-2048x1536.jpg 2048w\" sizes=\"(max-width: 1024px) 100vw, 1024px\" \/><\/figure>\n\n\n\n<figure class=\"wp-block-image\"><img loading=\"lazy\" width=\"768\" height=\"1024\" data-id=\"419\"  src=\"http:\/\/autostylzabrze.home.pl\/autoinstalator\/wordpress\/wp-content\/uploads\/2022\/02\/IMG_20220211_203113-768x1024.jpg\" alt=\"\" class=\"wp-image-419\" srcset=\"https:\/\/autostylzabrze.home.pl\/autoinstalator\/wordpress\/wp-content\/uploads\/2022\/02\/IMG_20220211_203113-768x1024.jpg 768w, https:\/\/autostylzabrze.home.pl\/autoinstalator\/wordpress\/wp-content\/uploads\/2022\/02\/IMG_20220211_203113-225x300.jpg 225w, https:\/\/autostylzabrze.home.pl\/autoinstalator\/wordpress\/wp-content\/uploads\/2022\/02\/IMG_20220211_203113-1152x1536.jpg 1152w, https:\/\/autostylzabrze.home.pl\/autoinstalator\/wordpress\/wp-content\/uploads\/2022\/02\/IMG_20220211_203113-1536x2048.jpg 1536w, https:\/\/autostylzabrze.home.pl\/autoinstalator\/wordpress\/wp-content\/uploads\/2022\/02\/IMG_20220211_203113.jpg 1560w\" sizes=\"(max-width: 768px) 100vw, 768px\" \/><\/figure>\n\n\n\n<figure class=\"wp-block-image\"><img loading=\"lazy\" width=\"1024\" height=\"380\" data-id=\"422\"  src=\"http:\/\/autostylzabrze.home.pl\/autoinstalator\/wordpress\/wp-content\/uploads\/2022\/02\/20220125_160346_HDR_1-1024x380.jpg\" alt=\"\" class=\"wp-image-422\" srcset=\"https:\/\/autostylzabrze.home.pl\/autoinstalator\/wordpress\/wp-content\/uploads\/2022\/02\/20220125_160346_HDR_1-1024x380.jpg 1024w, https:\/\/autostylzabrze.home.pl\/autoinstalator\/wordpress\/wp-content\/uploads\/2022\/02\/20220125_160346_HDR_1-300x111.jpg 300w, https:\/\/autostylzabrze.home.pl\/autoinstalator\/wordpress\/wp-content\/uploads\/2022\/02\/20220125_160346_HDR_1-768x285.jpg 768w, https:\/\/autostylzabrze.home.pl\/autoinstalator\/wordpress\/wp-content\/uploads\/2022\/02\/20220125_160346_HDR_1-1536x570.jpg 1536w, https:\/\/autostylzabrze.home.pl\/autoinstalator\/wordpress\/wp-content\/uploads\/2022\/02\/20220125_160346_HDR_1-2048x761.jpg 2048w\" sizes=\"(max-width: 1024px) 100vw, 1024px\" \/><\/figure>\n\n\n\n<figure class=\"wp-block-image\"><img loading=\"lazy\" width=\"1024\" height=\"512\" data-id=\"423\"  src=\"http:\/\/autostylzabrze.home.pl\/autoinstalator\/wordpress\/wp-content\/uploads\/2022\/02\/20220125_160250_HDR-1024x512.jpg\" alt=\"\" class=\"wp-image-423\" srcset=\"https:\/\/autostylzabrze.home.pl\/autoinstalator\/wordpress\/wp-content\/uploads\/2022\/02\/20220125_160250_HDR-1024x512.jpg 1024w, https:\/\/autostylzabrze.home.pl\/autoinstalator\/wordpress\/wp-content\/uploads\/2022\/02\/20220125_160250_HDR-300x150.jpg 300w, https:\/\/autostylzabrze.home.pl\/autoinstalator\/wordpress\/wp-content\/uploads\/2022\/02\/20220125_160250_HDR-768x384.jpg 768w, https:\/\/autostylzabrze.home.pl\/autoinstalator\/wordpress\/wp-content\/uploads\/2022\/02\/20220125_160250_HDR-1536x768.jpg 1536w, https:\/\/autostylzabrze.home.pl\/autoinstalator\/wordpress\/wp-content\/uploads\/2022\/02\/20220125_160250_HDR-2048x1024.jpg 2048w\" sizes=\"(max-width: 1024px) 100vw, 1024px\" \/><\/figure>\n\n\n\n<figure class=\"wp-block-image\"><img loading=\"lazy\" width=\"512\" height=\"1024\" data-id=\"424\"  src=\"http:\/\/autostylzabrze.home.pl\/autoinstalator\/wordpress\/wp-content\/uploads\/2022\/02\/20220125_160223_HDR-512x1024.jpg\" alt=\"\" class=\"wp-image-424\" srcset=\"https:\/\/autostylzabrze.home.pl\/autoinstalator\/wordpress\/wp-content\/uploads\/2022\/02\/20220125_160223_HDR-512x1024.jpg 512w, https:\/\/autostylzabrze.home.pl\/autoinstalator\/wordpress\/wp-content\/uploads\/2022\/02\/20220125_160223_HDR-150x300.jpg 150w, https:\/\/autostylzabrze.home.pl\/autoinstalator\/wordpress\/wp-content\/uploads\/2022\/02\/20220125_160223_HDR-768x1536.jpg 768w, https:\/\/autostylzabrze.home.pl\/autoinstalator\/wordpress\/wp-content\/uploads\/2022\/02\/20220125_160223_HDR-1024x2048.jpg 1024w, https:\/\/autostylzabrze.home.pl\/autoinstalator\/wordpress\/wp-content\/uploads\/2022\/02\/20220125_160223_HDR-scaled.jpg 1280w\" sizes=\"(max-width: 512px) 100vw, 512px\" \/><\/figure>\n\n\n\n<figure class=\"wp-block-image\"><img loading=\"lazy\" width=\"458\" height=\"1024\" data-id=\"425\"  src=\"http:\/\/autostylzabrze.home.pl\/autoinstalator\/wordpress\/wp-content\/uploads\/2022\/02\/20220125_160300_HDR_1-458x1024.jpg\" alt=\"\" class=\"wp-image-425\" srcset=\"https:\/\/autostylzabrze.home.pl\/autoinstalator\/wordpress\/wp-content\/uploads\/2022\/02\/20220125_160300_HDR_1-458x1024.jpg 458w, https:\/\/autostylzabrze.home.pl\/autoinstalator\/wordpress\/wp-content\/uploads\/2022\/02\/20220125_160300_HDR_1-134x300.jpg 134w, https:\/\/autostylzabrze.home.pl\/autoinstalator\/wordpress\/wp-content\/uploads\/2022\/02\/20220125_160300_HDR_1-768x1717.jpg 768w, https:\/\/autostylzabrze.home.pl\/autoinstalator\/wordpress\/wp-content\/uploads\/2022\/02\/20220125_160300_HDR_1-687x1536.jpg 687w, https:\/\/autostylzabrze.home.pl\/autoinstalator\/wordpress\/wp-content\/uploads\/2022\/02\/20220125_160300_HDR_1-916x2048.jpg 916w, https:\/\/autostylzabrze.home.pl\/autoinstalator\/wordpress\/wp-content\/uploads\/2022\/02\/20220125_160300_HDR_1-scaled.jpg 1145w\" sizes=\"(max-width: 458px) 100vw, 458px\" \/><\/figure>\n<\/figure>\n\n\n\n<div class=\"wp-block-image\"><figure class=\"aligncenter is-resized\"><img loading=\"lazy\" src=\"http:\/\/autostylzabrze.home.pl\/autoinstalator\/wordpress\/wp-content\/uploads\/2019\/02\/IMG_20190226_161816.jpg\" alt=\"\" class=\"wp-image-304\" width=\"408\" height=\"306\" srcset=\"https:\/\/autostylzabrze.home.pl\/autoinstalator\/wordpress\/wp-content\/uploads\/2019\/02\/IMG_20190226_161816.jpg 452w, https:\/\/autostylzabrze.home.pl\/autoinstalator\/wordpress\/wp-content\/uploads\/2019\/02\/IMG_20190226_161816-300x225.jpg 300w\" sizes=\"(max-width: 408px) 100vw, 408px\" \/><figcaption><br><\/figcaption><\/figure><\/div>\n\n\n\n<p class=\"has-text-align-center\"><strong>Zapraszamy na nasz parking przy sklepie<\/strong><\/p>\n","protected":false},"excerpt":{"rendered":"<p>Dzi\u0119kujemy za odwiedzenie naszej nowej strony. Jako nowoczesna firma,chcemy da\u0107 Pa\u0144stwu mo\u017cliwo\u015b\u0107 pozostania w kontakcie z nami i z nasz\u0105 ofert\u0105. Je\u015bli nie znacie Pa\u0144stwo naszej firmy i nawi\u0105zujecie z nami pierwszy kontakt online,b\u0119dzie nam bardzo mi\u0142o! B\u0119dziemy wdzi\u0119czni za uwagi i pytania, na kt\u00f3re odpowiemy jak najszybciej. Zapraszamy r\u00f3wnie\u017c&nbsp;do kontaktu mailowego pod adresem: autostylzabrze@home.pl [&hellip;]<\/p>\n","protected":false},"author":1,"featured_media":0,"parent":0,"menu_order":0,"comment_status":"closed","ping_status":"closed","template":"","meta":[],"_links":{"self":[{"href":"https:\/\/autostylzabrze.home.pl\/autoinstalator\/wordpress\/index.php?rest_route=\/wp\/v2\/pages\/13"}],"collection":[{"href":"https:\/\/autostylzabrze.home.pl\/autoinstalator\/wordpress\/index.php?rest_route=\/wp\/v2\/pages"}],"about":[{"href":"https:\/\/autostylzabrze.home.pl\/autoinstalator\/wordpress\/index.php?rest_route=\/wp\/v2\/types\/page"}],"author":[{"embeddable":true,"href":"https:\/\/autostylzabrze.home.pl\/autoinstalator\/wordpress\/index.php?rest_route=\/wp\/v2\/users\/1"}],"replies":[{"embeddable":true,"href":"https:\/\/autostylzabrze.home.pl\/autoinstalator\/wordpress\/index.php?rest_route=%2Fwp%2Fv2%2Fcomments&post=13"}],"version-history":[{"count":12,"href":"https:\/\/autostylzabrze.home.pl\/autoinstalator\/wordpress\/index.php?rest_route=\/wp\/v2\/pages\/13\/revisions"}],"predecessor-version":[{"id":426,"href":"https:\/\/autostylzabrze.home.pl\/autoinstalator\/wordpress\/index.php?rest_route=\/wp\/v2\/pages\/13\/revisions\/426"}],"wp:attachment":[{"href":"https:\/\/autostylzabrze.home.pl\/autoinstalator\/wordpress\/index.php?rest_route=%2Fwp%2Fv2%2Fmedia&parent=13"}],"curies":[{"name":"wp","href":"https:\/\/api.w.org\/{rel}","templated":true}]}}